{"id":363,"date":"2016-07-28T23:06:21","date_gmt":"2016-07-28T23:06:21","guid":{"rendered":"http:\/\/themenectar.com\/demo\/salient-app\/?page_id=363"},"modified":"2024-11-07T09:55:02","modified_gmt":"2024-11-07T08:55:02","slug":"clients","status":"publish","type":"page","link":"https:\/\/www.justepourvous.fr\/partenaires\/clients\/","title":{"rendered":"Ils nous font confiance"},"content":{"rendered":"[vc_row type=\u00a0\u00bbfull_width_background\u00a0\u00bb full_screen_row_position=\u00a0\u00bbmiddle\u00a0\u00bb column_margin=\u00a0\u00bbnone\u00a0\u00bb column_direction=\u00a0\u00bbreverse\u00a0\u00bb column_direction_tablet=\u00a0\u00bbdefault\u00a0\u00bb column_direction_phone=\u00a0\u00bbdefault\u00a0\u00bb bg_color=\u00a0\u00bb#9fc5d0&Prime; bg_image=\u00a0\u00bb4707&Prime; bg_position=\u00a0\u00bbleft top\u00a0\u00bb background_image_loading=\u00a0\u00bbskip-lazy-load\u00a0\u00bb bg_repeat=\u00a0\u00bbno-repeat\u00a0\u00bb scene_position=\u00a0\u00bbcenter\u00a0\u00bb top_padding=\u00a0\u00bb10%\u00a0\u00bb bottom_padding=\u00a0\u00bb10%\u00a0\u00bb top_padding_tablet=\u00a0\u00bb30%\u00a0\u00bb constrain_group_3=\u00a0\u00bbyes\u00a0\u00bb bottom_padding_tablet=\u00a0\u00bb30%\u00a0\u00bb top_padding_phone=\u00a0\u00bb40%\u00a0\u00bb constrain_group_5=\u00a0\u00bbyes\u00a0\u00bb bottom_padding_phone=\u00a0\u00bb40%\u00a0\u00bb text_color=\u00a0\u00bbcustom\u00a0\u00bb text_align=\u00a0\u00bbleft\u00a0\u00bb row_border_radius=\u00a0\u00bbnone\u00a0\u00bb row_border_radius_applies=\u00a0\u00bbbg\u00a0\u00bb overflow=\u00a0\u00bbvisible\u00a0\u00bb color_overlay=\u00a0\u00bb#000000&Prime; overlay_strength=\u00a0\u00bb0.3&Prime; gradient_direction=\u00a0\u00bbradial\u00a0\u00bb shape_divider_color=\u00a0\u00bb#ffffff\u00a0\u00bb shape_divider_position=\u00a0\u00bbbottom\u00a0\u00bb shape_divider_height=\u00a0\u00bb45%\u00a0\u00bb bg_image_animation=\u00a0\u00bbzoom-out\u00a0\u00bb parallax_bg=\u00a0\u00bbtrue\u00a0\u00bb parallax_bg_speed=\u00a0\u00bbfast\u00a0\u00bb shape_type=\u00a0\u00bbstraight_section\u00a0\u00bb gradient_type=\u00a0\u00bbdefault\u00a0\u00bb][vc_column column_padding=\u00a0\u00bbno-extra-padding\u00a0\u00bb column_padding_tablet=\u00a0\u00bbinherit\u00a0\u00bb column_padding_phone=\u00a0\u00bbinherit\u00a0\u00bb column_padding_position=\u00a0\u00bball\u00a0\u00bb column_element_direction_desktop=\u00a0\u00bbdefault\u00a0\u00bb column_element_spacing=\u00a0\u00bb0px\u00a0\u00bb desktop_text_alignment=\u00a0\u00bbdefault\u00a0\u00bb tablet_text_alignment=\u00a0\u00bbdefault\u00a0\u00bb phone_text_alignment=\u00a0\u00bbcenter\u00a0\u00bb background_color_opacity=\u00a0\u00bb1&Prime; background_hover_color_opacity=\u00a0\u00bb1&Prime; column_backdrop_filter=\u00a0\u00bbnone\u00a0\u00bb column_shadow=\u00a0\u00bbnone\u00a0\u00bb column_border_radius=\u00a0\u00bbnone\u00a0\u00bb column_link_target=\u00a0\u00bb_self\u00a0\u00bb column_position=\u00a0\u00bbdefault\u00a0\u00bb gradient_direction=\u00a0\u00bbradial\u00a0\u00bb overlay_strength=\u00a0\u00bb0.3&Prime; width=\u00a0\u00bb1\/1&Prime; tablet_width_inherit=\u00a0\u00bbdefault\u00a0\u00bb animation_type=\u00a0\u00bbdefault\u00a0\u00bb bg_image_animation=\u00a0\u00bbzoom-out-reveal\u00a0\u00bb parallax_bg=\u00a0\u00bbtrue\u00a0\u00bb parallax_bg_speed=\u00a0\u00bbfast\u00a0\u00bb border_type=\u00a0\u00bbsimple\u00a0\u00bb column_border_width=\u00a0\u00bbnone\u00a0\u00bb column_border_style=\u00a0\u00bbsolid\u00a0\u00bb][vc_row_inner column_margin=\u00a0\u00bbdefault\u00a0\u00bb column_direction=\u00a0\u00bbdefault\u00a0\u00bb column_direction_tablet=\u00a0\u00bbdefault\u00a0\u00bb column_direction_phone=\u00a0\u00bbdefault\u00a0\u00bb text_align=\u00a0\u00bbleft\u00a0\u00bb row_position=\u00a0\u00bbdefault\u00a0\u00bb row_position_tablet=\u00a0\u00bbinherit\u00a0\u00bb row_position_phone=\u00a0\u00bbinherit\u00a0\u00bb zindex=\u00a0\u00bb20&Prime; overflow=\u00a0\u00bbvisible\u00a0\u00bb pointer_events=\u00a0\u00bball\u00a0\u00bb][vc_column_inner column_padding=\u00a0\u00bbno-extra-padding\u00a0\u00bb column_padding_tablet=\u00a0\u00bbinherit\u00a0\u00bb column_padding_phone=\u00a0\u00bbinherit\u00a0\u00bb column_padding_position=\u00a0\u00bball\u00a0\u00bb column_element_direction_desktop=\u00a0\u00bbdefault\u00a0\u00bb column_element_spacing=\u00a0\u00bb0px\u00a0\u00bb desktop_text_alignment=\u00a0\u00bbdefault\u00a0\u00bb tablet_text_alignment=\u00a0\u00bbdefault\u00a0\u00bb phone_text_alignment=\u00a0\u00bbdefault\u00a0\u00bb background_color_opacity=\u00a0\u00bb1&Prime; background_hover_color_opacity=\u00a0\u00bb1&Prime; column_backdrop_filter=\u00a0\u00bbnone\u00a0\u00bb font_color=\u00a0\u00bb#ffffff\u00a0\u00bb column_shadow=\u00a0\u00bbnone\u00a0\u00bb column_border_radius=\u00a0\u00bbnone\u00a0\u00bb column_link_target=\u00a0\u00bb_self\u00a0\u00bb overflow=\u00a0\u00bbvisible\u00a0\u00bb gradient_direction=\u00a0\u00bbleft_to_right\u00a0\u00bb overlay_strength=\u00a0\u00bb0.3&Prime; width=\u00a0\u00bb1\/1&Prime; tablet_width_inherit=\u00a0\u00bbdefault\u00a0\u00bb animation_type=\u00a0\u00bbdefault\u00a0\u00bb bg_image_animation=\u00a0\u00bbnone\u00a0\u00bb border_type=\u00a0\u00bbsimple\u00a0\u00bb column_border_width=\u00a0\u00bbnone\u00a0\u00bb column_border_style=\u00a0\u00bbsolid\u00a0\u00bb][split_line_heading animation_type=\u00a0\u00bbline-reveal-by-space\u00a0\u00bb font_style=\u00a0\u00bbh1&Prime; line_reveal_by_space_text_effect=\u00a0\u00bbdefault\u00a0\u00bb stagger_animation=\u00a0\u00bbtrue\u00a0\u00bb content_alignment=\u00a0\u00bbdefault\u00a0\u00bb mobile_content_alignment=\u00a0\u00bbinherit\u00a0\u00bb link_target=\u00a0\u00bb_self\u00a0\u00bb text_content=\u00a0\u00bbIls nous font<br \/>\nconfiance\u00a0\u00bb animation_delay=\u00a0\u00bb200&Prime;][\/split_line_heading][\/vc_column_inner][\/vc_row_inner][\/vc_column][\/vc_row][vc_row type=\u00a0\u00bbin_container\u00a0\u00bb full_screen_row_position=\u00a0\u00bbmiddle\u00a0\u00bb column_margin=\u00a0\u00bbnone\u00a0\u00bb equal_height=\u00a0\u00bbyes\u00a0\u00bb content_placement=\u00a0\u00bbmiddle\u00a0\u00bb column_direction=\u00a0\u00bbdefault\u00a0\u00bb column_direction_tablet=\u00a0\u00bbdefault\u00a0\u00bb column_direction_phone=\u00a0\u00bbdefault\u00a0\u00bb scene_position=\u00a0\u00bbcenter\u00a0\u00bb top_padding=\u00a0\u00bb2%\u00a0\u00bb bottom_padding=\u00a0\u00bb4%\u00a0\u00bb text_color=\u00a0\u00bbdark\u00a0\u00bb text_align=\u00a0\u00bbleft\u00a0\u00bb row_border_radius=\u00a0\u00bbnone\u00a0\u00bb row_border_radius_applies=\u00a0\u00bbbg\u00a0\u00bb overflow=\u00a0\u00bbhidden\u00a0\u00bb overlay_strength=\u00a0\u00bb0.3&Prime; gradient_direction=\u00a0\u00bbleft_to_right\u00a0\u00bb shape_divider_position=\u00a0\u00bbbottom\u00a0\u00bb bg_image_animation=\u00a0\u00bbnone\u00a0\u00bb gradient_type=\u00a0\u00bbdefault\u00a0\u00bb shape_type=\u00a0\u00bb\u00a0\u00bb][vc_column top_padding_desktop=\u00a0\u00bb4vw\u00a0\u00bb bottom_padding_desktop=\u00a0\u00bb6vw\u00a0\u00bb constrain_group_101=\u00a0\u00bbyes\u00a0\u00bb column_element_direction_desktop=\u00a0\u00bbdefault\u00a0\u00bb column_element_spacing=\u00a0\u00bbdefault\u00a0\u00bb desktop_text_alignment=\u00a0\u00bbdefault\u00a0\u00bb tablet_text_alignment=\u00a0\u00bbdefault\u00a0\u00bb phone_text_alignment=\u00a0\u00bbdefault\u00a0\u00bb background_color_opacity=\u00a0\u00bb1&Prime; background_hover_color_opacity=\u00a0\u00bb1&Prime; column_backdrop_filter=\u00a0\u00bbnone\u00a0\u00bb column_shadow=\u00a0\u00bbnone\u00a0\u00bb column_border_radius=\u00a0\u00bbnone\u00a0\u00bb column_link_target=\u00a0\u00bb_self\u00a0\u00bb column_position=\u00a0\u00bbdefault\u00a0\u00bb advanced_gradient_angle=\u00a0\u00bb0&Prime; gradient_direction=\u00a0\u00bbleft_to_right\u00a0\u00bb overlay_strength=\u00a0\u00bb0.8&Prime; width=\u00a0\u00bb1\/1&Prime; tablet_width_inherit=\u00a0\u00bbdefault\u00a0\u00bb animation_type=\u00a0\u00bbdefault\u00a0\u00bb bg_image_animation=\u00a0\u00bbnone\u00a0\u00bb border_type=\u00a0\u00bbsimple\u00a0\u00bb column_border_width=\u00a0\u00bbnone\u00a0\u00bb column_border_style=\u00a0\u00bbsolid\u00a0\u00bb gradient_type=\u00a0\u00bbdefault\u00a0\u00bb column_padding_type=\u00a0\u00bbadvanced\u00a0\u00bb][vc_custom_heading text=\u00a0\u00bbNous travaillons avec plus de 150 clients grands comptes\u00a0\u00bb use_theme_fonts=\u00a0\u00bbyes\u00a0\u00bb css=\u00a0\u00bb\u00a0\u00bb][divider line_type=\u00a0\u00bbNo Line\u00a0\u00bb custom_height=\u00a0\u00bb20&Prime;][vc_column_text]Quel que soit le secteur d\u2019activit\u00e9 concern\u00e9, les synergies cr\u00e9\u00e9es avec nos partenaires nous permettent de mettre en place des projets ambitieux vecteurs de croissance pour tous.[\/vc_column_text][divider line_type=\u00a0\u00bbNo Line\u00a0\u00bb custom_height=\u00a0\u00bb20&Prime;][clients columns=\u00a0\u00bb4&Prime; hover_effect=\u00a0\u00bbopacity\u00a0\u00bb additional_padding=\u00a0\u00bb4&Prime; fade_in_animation=\u00a0\u00bbtrue\u00a0\u00bb][client image=\u00a0\u00bb4796&Prime; url_target=\u00a0\u00bb_blank\u00a0\u00bb title=\u00a0\u00bbClient\u00a0\u00bb id=\u00a0\u00bb1730969683670-5&Prime; url=\u00a0\u00bb#\u00a0\u00bb name=\u00a0\u00bbcetelem\u00a0\u00bb tab_id=\u00a0\u00bb1730969683670-4&Prime;] [\/client][client image=\u00a0\u00bb4230&Prime; url_target=\u00a0\u00bb_blank\u00a0\u00bb title=\u00a0\u00bbClient\u00a0\u00bb id=\u00a0\u00bb1730969683675-2&Prime; url=\u00a0\u00bb#\u00a0\u00bb name=\u00a0\u00bbassurimo\u00a0\u00bb tab_id=\u00a0\u00bb1730969683675-6&Prime;] [\/client][client image=\u00a0\u00bb4262&Prime; url_target=\u00a0\u00bb_blank\u00a0\u00bb title=\u00a0\u00bbClient\u00a0\u00bb id=\u00a0\u00bb1730969683677-9&Prime; url=\u00a0\u00bb#\u00a0\u00bb name=\u00a0\u00bbamex\u00a0\u00bb tab_id=\u00a0\u00bb1730969683678-4&Prime;] [\/client][client image=\u00a0\u00bb4227&Prime; url_target=\u00a0\u00bb_blank\u00a0\u00bb title=\u00a0\u00bbClient\u00a0\u00bb id=\u00a0\u00bb1730969683679-8&Prime; url=\u00a0\u00bb#\u00a0\u00bb name=\u00a0\u00bbbred\u00a0\u00bb tab_id=\u00a0\u00bb1730969683679-3&Prime;] [\/client][client image=\u00a0\u00bb4228&Prime; url_target=\u00a0\u00bb_blank\u00a0\u00bb title=\u00a0\u00bbClient\u00a0\u00bb id=\u00a0\u00bb1730969683683-1&Prime; url=\u00a0\u00bb#\u00a0\u00bb name=\u00a0\u00bbcaarl\u00a0\u00bb tab_id=\u00a0\u00bb1730969683683-0&Prime;][\/client][client image=\u00a0\u00bb4264&Prime; url_target=\u00a0\u00bb_blank\u00a0\u00bb title=\u00a0\u00bbClient\u00a0\u00bb id=\u00a0\u00bb1730969683690-1&Prime; url=\u00a0\u00bb#\u00a0\u00bb name=\u00a0\u00bbhello bank\u00a0\u00bb tab_id=\u00a0\u00bb1730969683690-5&Prime;] [\/client][client image=\u00a0\u00bb4235&Prime; url_target=\u00a0\u00bb_blank\u00a0\u00bb title=\u00a0\u00bbClient\u00a0\u00bb id=\u00a0\u00bb1730969683696-6&Prime; url=\u00a0\u00bb#\u00a0\u00bb name=\u00a0\u00bbsogessur\u00a0\u00bb tab_id=\u00a0\u00bb1730969683696-4&Prime;] [\/client][client image=\u00a0\u00bb4231&Prime; url_target=\u00a0\u00bb_blank\u00a0\u00bb title=\u00a0\u00bbClient\u00a0\u00bb id=\u00a0\u00bb1730969683698-5&Prime; url=\u00a0\u00bb#\u00a0\u00bb name=\u00a0\u00bbuber\u00a0\u00bb tab_id=\u00a0\u00bb1730969683698-3&Prime;] [\/client][client image=\u00a0\u00bb4795&Prime; url_target=\u00a0\u00bb_blank\u00a0\u00bb title=\u00a0\u00bbClient\u00a0\u00bb id=\u00a0\u00bb1730969683701-8&Prime; tab_id=\u00a0\u00bb1730969683701-8&Prime; name=\u00a0\u00bbMercer\u00a0\u00bb][\/client][client image=\u00a0\u00bb4794&Prime; url_target=\u00a0\u00bb_blank\u00a0\u00bb title=\u00a0\u00bbClient\u00a0\u00bb id=\u00a0\u00bb1730969683705-7&Prime; tab_id=\u00a0\u00bb1730969683705-2&Prime; name=\u00a0\u00bbstello\u00a0\u00bb][\/client][client image=\u00a0\u00bb4802&Prime; url_target=\u00a0\u00bb_blank\u00a0\u00bb title=\u00a0\u00bbClient\u00a0\u00bb id=\u00a0\u00bb1730969683708-9&Prime; tab_id=\u00a0\u00bb1730969683708-1&Prime; name=\u00a0\u00bbStellantis\u00a0\u00bb][\/client][\/clients][\/vc_column][\/vc_row]\n","protected":false},"excerpt":{"rendered":"<p>[vc_row type=\u00a0\u00bbfull_width_background\u00a0\u00bb full_screen_row_position=\u00a0\u00bbmiddle\u00a0\u00bb column_margin=\u00a0\u00bbnone\u00a0\u00bb column_direction=\u00a0\u00bbreverse\u00a0\u00bb column_direction_tablet=\u00a0\u00bbdefault\u00a0\u00bb column_direction_phone=\u00a0\u00bbdefault\u00a0\u00bb bg_color=\u00a0\u00bb#9fc5d0&Prime; bg_image=\u00a0\u00bb4707&Prime; bg_position=\u00a0\u00bbleft top\u00a0\u00bb background_image_loading=\u00a0\u00bbskip-lazy-load\u00a0\u00bb bg_repeat=\u00a0\u00bbno-repeat\u00a0\u00bb scene_position=\u00a0\u00bbcenter\u00a0\u00bb top_padding=\u00a0\u00bb10%\u00a0\u00bb bottom_padding=\u00a0\u00bb10%\u00a0\u00bb top_padding_tablet=\u00a0\u00bb30%\u00a0\u00bb constrain_group_3=\u00a0\u00bbyes\u00a0\u00bb bottom_padding_tablet=\u00a0\u00bb30%\u00a0\u00bb top_padding_phone=\u00a0\u00bb40%\u00a0\u00bb constrain_group_5=\u00a0\u00bbyes\u00a0\u00bb bottom_padding_phone=\u00a0\u00bb40%\u00a0\u00bb text_color=\u00a0\u00bbcustom\u00a0\u00bb text_align=\u00a0\u00bbleft\u00a0\u00bb row_border_radius=\u00a0\u00bbnone\u00a0\u00bb row_border_radius_applies=\u00a0\u00bbbg\u00a0\u00bb overflow=\u00a0\u00bbvisible\u00a0\u00bb color_overlay=\u00a0\u00bb#000000&Prime; overlay_strength=\u00a0\u00bb0.3&Prime; gradient_direction=\u00a0\u00bbradial\u00a0\u00bb&#8230;<\/p>\n","protected":false},"author":1,"featured_media":0,"parent":0,"menu_order":0,"comment_status":"closed","ping_status":"closed","template":"","meta":{"iawp_total_views":141,"footnotes":""},"class_list":["post-363","page","type-page","status-publish"],"_links":{"self":[{"href":"https:\/\/www.justepourvous.fr\/partenaires\/wp-json\/wp\/v2\/pages\/363","targetHints":{"allow":["GET"]}}],"collection":[{"href":"https:\/\/www.justepourvous.fr\/partenaires\/wp-json\/wp\/v2\/pages"}],"about":[{"href":"https:\/\/www.justepourvous.fr\/partenaires\/wp-json\/wp\/v2\/types\/page"}],"author":[{"embeddable":true,"href":"https:\/\/www.justepourvous.fr\/partenaires\/wp-json\/wp\/v2\/users\/1"}],"replies":[{"embeddable":true,"href":"https:\/\/www.justepourvous.fr\/partenaires\/wp-json\/wp\/v2\/comments?post=363"}],"version-history":[{"count":93,"href":"https:\/\/www.justepourvous.fr\/partenaires\/wp-json\/wp\/v2\/pages\/363\/revisions"}],"predecessor-version":[{"id":4862,"href":"https:\/\/www.justepourvous.fr\/partenaires\/wp-json\/wp\/v2\/pages\/363\/revisions\/4862"}],"wp:attachment":[{"href":"https:\/\/www.justepourvous.fr\/partenaires\/wp-json\/wp\/v2\/media?parent=363"}],"curies":[{"name":"wp","href":"https:\/\/api.w.org\/{rel}","templated":true}]}}