{"id":4909,"date":"2025-10-09T14:58:09","date_gmt":"2025-10-09T12:58:09","guid":{"rendered":"https:\/\/www.justepourvous.fr\/partenaires\/?page_id=4909"},"modified":"2026-03-09T14:46:28","modified_gmt":"2026-03-09T13:46:28","slug":"mentions-legales","status":"publish","type":"page","link":"https:\/\/www.justepourvous.fr\/partenaires\/mentions-legales\/","title":{"rendered":"Mentions l\u00e9gales"},"content":{"rendered":"[vc_row type=\u00a0\u00bbin_container\u00a0\u00bb full_screen_row_position=\u00a0\u00bbmiddle\u00a0\u00bb column_margin=\u00a0\u00bbdefault\u00a0\u00bb column_direction=\u00a0\u00bbdefault\u00a0\u00bb column_direction_tablet=\u00a0\u00bbdefault\u00a0\u00bb column_direction_phone=\u00a0\u00bbdefault\u00a0\u00bb scene_position=\u00a0\u00bbcenter\u00a0\u00bb text_color=\u00a0\u00bbdark\u00a0\u00bb text_align=\u00a0\u00bbleft\u00a0\u00bb row_border_radius=\u00a0\u00bbnone\u00a0\u00bb row_border_radius_applies=\u00a0\u00bbbg\u00a0\u00bb overflow=\u00a0\u00bbvisible\u00a0\u00bb overlay_strength=\u00a0\u00bb0.3&Prime; gradient_direction=\u00a0\u00bbleft_to_right\u00a0\u00bb shape_divider_position=\u00a0\u00bbbottom\u00a0\u00bb bg_image_animation=\u00a0\u00bbnone\u00a0\u00bb][vc_column column_padding=\u00a0\u00bbno-extra-padding\u00a0\u00bb column_padding_tablet=\u00a0\u00bbinherit\u00a0\u00bb column_padding_phone=\u00a0\u00bbinherit\u00a0\u00bb column_padding_position=\u00a0\u00bball\u00a0\u00bb column_element_direction_desktop=\u00a0\u00bbdefault\u00a0\u00bb column_element_spacing=\u00a0\u00bbdefault\u00a0\u00bb desktop_text_alignment=\u00a0\u00bbdefault\u00a0\u00bb tablet_text_alignment=\u00a0\u00bbdefault\u00a0\u00bb phone_text_alignment=\u00a0\u00bbdefault\u00a0\u00bb background_color_opacity=\u00a0\u00bb1&Prime; background_hover_color_opacity=\u00a0\u00bb1&Prime; column_backdrop_filter=\u00a0\u00bbnone\u00a0\u00bb column_shadow=\u00a0\u00bbnone\u00a0\u00bb column_border_radius=\u00a0\u00bbnone\u00a0\u00bb column_link_target=\u00a0\u00bb_self\u00a0\u00bb column_position=\u00a0\u00bbdefault\u00a0\u00bb gradient_direction=\u00a0\u00bbleft_to_right\u00a0\u00bb overlay_strength=\u00a0\u00bb0.3&Prime; width=\u00a0\u00bb1\/1&Prime; tablet_width_inherit=\u00a0\u00bbdefault\u00a0\u00bb animation_type=\u00a0\u00bbdefault\u00a0\u00bb bg_image_animation=\u00a0\u00bbnone\u00a0\u00bb border_type=\u00a0\u00bbsimple\u00a0\u00bb column_border_width=\u00a0\u00bbnone\u00a0\u00bb column_border_style=\u00a0\u00bbsolid\u00a0\u00bb][divider line_type=\u00a0\u00bbNo Line\u00a0\u00bb custom_height=\u00a0\u00bb80&Prime;][vc_column_text css=\u00a0\u00bb\u00a0\u00bb text_direction=\u00a0\u00bbdefault\u00a0\u00bb]\n<h1><span style=\"color: #0000ff;\"><span style=\"color: #ff9933;\">Mentions l\u00e9gales<br \/>\n<\/span><br \/>\n<\/span><\/h1>\n<h2>Informations g\u00e9n\u00e9rales<\/h2>\n<p><strong>Directeur de la publication<\/strong> : Estelle GUYON ABINAL<\/p>\n<p><strong>Editeur<\/strong> : Le site justepourvous.fr\/partenaires est \u00e9dit\u00e9 par la soci\u00e9t\u00e9 JURIDICA.<\/p>\n<p><strong>Juridica<\/strong>. 1 place Victorien Sardou 78160 Marly-le-Roi France. +33 1 30 09 90 00.<br \/>\nS.A. au capital de 14 627 854,68\u00a0\u20ac \u2013 572 079 150 \u2013 R.C.S. Versailles. Entreprise r\u00e9gie par le Code des assurances.<br \/>\nNum\u00e9ro de TVA intracommunautaire FR69572079150<\/p>\n<p>T\u00e9l. : 01 30 09 90 00<br \/>\nFax : 01 30 09 90 89<\/p>\n<p><strong>H\u00e9bergement<\/strong>\u00a0: KEYYO<br \/>\n92-98 bd Victor Hugo 92115 Clichy France| Tel : 0 805 03 00 30| Siret : 39008115600106<\/p>\n<p><strong>Nom de domaine r\u00e9serv\u00e9<\/strong><br \/>\nwww.justepourvous.fr<\/p>\n<p><strong>Copyrights contenus<\/strong><br \/>\nTous droits du propri\u00e9taire du contenu du site internet www.justepourvous.fr\/partenaires r\u00e9serv\u00e9s. Toute reproduction et toute utilisation du contenu du site autre que la consultation individuelle et priv\u00e9e est interdite, sauf autorisation.<br \/>\nCr\u00e9dits Photos : Adobestock<br \/>\nCr\u00e9ation graphique : padincom (Pierre-Arnaud Delouvrier \u2013 63 rue des 7 troubadours &#8211; 31000 Toulouse)<br \/>\nLe site internet www.justepourvous.fr utilise le th\u00e8me Salient.<\/p>\n<p>&nbsp;<\/p>\n<h2>Traiter vos r\u00e9clamations<\/h2>\n<p>Ind\u00e9pendamment de votre droit d&rsquo;engager une action en justice, si, apr\u00e8s avoir contact\u00e9 votre interlocuteur privil\u00e9gi\u00e9 ou votre Service Clients par t\u00e9l\u00e9phone ou par courrier, une incompr\u00e9hension subsiste, vous pouvez faire appel au Service R\u00e9clamations en \u00e9crivant \u00e0 l&rsquo;adresse suivante :<br \/>\n&#8211; JURIDICA Service R\u00e9clamations &#8211; 1, place Victorien Sardou &#8211; 78166 Marly-le-Roi Cedex<br \/>\n&#8211; servicereclamations@juridica.fr<br \/>\n&#8211; T\u00e9l : 01 30 09 87 05<br \/>\nVotre situation est \u00e9tudi\u00e9e avec le plus grand soin : un accus\u00e9 de r\u00e9ception vous est envoy\u00e9 sous 10 jours et une r\u00e9ponse vous est adress\u00e9e dans un d\u00e9lai maximum de 60 jours conform\u00e9ment \u00e0 la r\u00e9glementation ACPR en vigueur (sauf si la complexit\u00e9 n\u00e9cessite un d\u00e9lai compl\u00e9mentaire).<br \/>\nDans l&rsquo;hypoth\u00e8se o\u00f9 aucune solution n&rsquo;est trouv\u00e9e, et en tout \u00e9tat de cause deux mois apr\u00e8s l\u2019envoi de votre premi\u00e8re r\u00e9clamation \u00e9crite, qu\u2019il y ait \u00e9t\u00e9 r\u00e9pondu ou non, vous pouvez faire appel au\u00a0\u00bb M\u00e9diateur de l&rsquo;Assurance \u00ab\u00a0en \u00e9crivant \u00e0 l&rsquo;adresse suivante :<br \/>\nLa M\u00e9diation de l&rsquo;Assurance &#8211; TSA 50110 &#8211; 75441 Paris Cedex 09, ou sur son site internet www.mediation-assurance.org.<br \/>\nCe recours est gratuit.<br \/>\nLe M\u00e9diateur formule un avis dans les 90 jours \u00e0 r\u00e9ception des documents sur lesquels votre demande est fond\u00e9e. Il doit \u00eatre saisi dans un d\u00e9lai d&rsquo;1 an \u00e0 compter de votre r\u00e9clamation \u00e9crite aupr\u00e8s de votre interlocuteur habituel ou de nos services.<br \/>\nSon avis ne s&rsquo;impose pas et vous laisse toute libert\u00e9 pour saisir le Tribunal fran\u00e7ais comp\u00e9tent.<\/p>\n<p><strong>Plugs-in<\/strong><br \/>\nTous les documents que vous pouvez t\u00e9l\u00e9charger ou \u00e9diter en ligne sur le site sont au format PDF et ne sont visibles que si vous poss\u00e9dez le plug-in Adobe Acrobat Reader. Si vous ne poss\u00e9dez pas ce logiciel ou si vous souhaitez t\u00e9l\u00e9charger la derni\u00e8re version, cliquez sur le lien suivant : <a href=\"http:\/\/get.adobe.com\/fr\/reader\/\">http:\/\/get.adobe.com\/fr\/reader\/<\/a><\/p>\n<p>&nbsp;<\/p>\n<h2>Respect de la l\u00e9gislation en vigueur<\/h2>\n<p>Vous vous engagez \u00e0 utiliser le site dans le respect de la l\u00e9gislation en vigueur et notamment la l\u00e9gislation en mati\u00e8re de protection des droits de propri\u00e9t\u00e9 intellectuelle et\/ou industrielle.<\/p>\n<p><a href=\"http:\/\/www.justepourvous.fr\/cookie-policy\/\">Voir la partie sur les Donn\u00e9es Personnelles<\/a><\/p>\n<p>&nbsp;<\/p>\n<h2><strong>Mise en garde<\/strong><\/h2>\n<p>Bien que la soci\u00e9t\u00e9 Juridica effectue une mise \u00e0 jour r\u00e9guli\u00e8re des contenus diffus\u00e9s, elle ne peut garantir qu\u2019ils soient exhaustifs et que toutes les informations soient compl\u00e8tes, exactes et \u00e0 jour. En aucun cas la responsabilit\u00e9 de Juridica ne pourra \u00eatre mise en cause du fait de la mauvaise utilisation ou fausse interpr\u00e9tation des informations fournies, de l\u2019absence d\u2019informations sp\u00e9cifiques et ce, que le dommage soit mat\u00e9riel ou immat\u00e9riel, direct ou indirect. Les informations pr\u00e9sent\u00e9es ne dispensent pas l\u2019utilisateur de prendre conseil aupr\u00e8s d\u2019un professionnel du droit. Juridica ne peut \u00eatre tenue pour responsable d\u2019une modification ou \u00e9volution inopin\u00e9e des dispositions l\u00e9gales ou jurisprudentielles en vigueur. Les contenus sont diffus\u00e9s \u00e0 titre indicatif et documentaire. Ils ne correspondent pas \u00e0 des situations pr\u00e9cises. Chaque situation \u00e9tant unique, la responsabilit\u00e9 de Juridica ne saurait \u00eatre engag\u00e9e en cas d\u2019utilisation des informations en dehors de ce contexte g\u00e9n\u00e9ral. Les produits et offres pr\u00e9sentent sur ce site sont pr\u00e9sent\u00e9s \u00e0 titre indicatif. Juridica se r\u00e9serve le droit de modifier le contenu des offres commerciales. Les informations diffus\u00e9es font l\u2019objet de nombreuses relectures. Toutefois, elles peuvent contenir des erreurs. Si vous constatez une information erron\u00e9e, nous vous remercions de nous la signaler.<\/p>\n<p><strong>Remarque<\/strong>\u00a0: les documents diffus\u00e9s peuvent avoir fait l\u2019objet d\u2019une mise \u00e0 jour intervenue entre le moment o\u00f9 vous les avez t\u00e9l\u00e9charg\u00e9s et le moment o\u00f9 vous les utilisez. Enfin, Juridica ne peut \u00eatre tenue responsable d\u2019\u00e9ventuels dommages directs ou indirects pouvant d\u00e9couler de votre acc\u00e8s ou de l\u2019utilisation de ce site ou encore, d\u2019un virus qui pourrait affecter votre ordinateur ou tout autre mat\u00e9riel informatique.[\/vc_column_text][\/vc_column][\/vc_row]\n","protected":false},"excerpt":{"rendered":"<p>[vc_row type=\u00a0\u00bbin_container\u00a0\u00bb full_screen_row_position=\u00a0\u00bbmiddle\u00a0\u00bb column_margin=\u00a0\u00bbdefault\u00a0\u00bb column_direction=\u00a0\u00bbdefault\u00a0\u00bb column_direction_tablet=\u00a0\u00bbdefault\u00a0\u00bb column_direction_phone=\u00a0\u00bbdefault\u00a0\u00bb scene_position=\u00a0\u00bbcenter\u00a0\u00bb text_color=\u00a0\u00bbdark\u00a0\u00bb text_align=\u00a0\u00bbleft\u00a0\u00bb row_border_radius=\u00a0\u00bbnone\u00a0\u00bb row_border_radius_applies=\u00a0\u00bbbg\u00a0\u00bb overflow=\u00a0\u00bbvisible\u00a0\u00bb overlay_strength=\u00a0\u00bb0.3&Prime; gradient_direction=\u00a0\u00bbleft_to_right\u00a0\u00bb shape_divider_position=\u00a0\u00bbbottom\u00a0\u00bb bg_image_animation=\u00a0\u00bbnone\u00a0\u00bb][vc_column column_padding=\u00a0\u00bbno-extra-padding\u00a0\u00bb column_padding_tablet=\u00a0\u00bbinherit\u00a0\u00bb column_padding_phone=\u00a0\u00bbinherit\u00a0\u00bb column_padding_position=\u00a0\u00bball\u00a0\u00bb column_element_direction_desktop=\u00a0\u00bbdefault\u00a0\u00bb column_element_spacing=\u00a0\u00bbdefault\u00a0\u00bb desktop_text_alignment=\u00a0\u00bbdefault\u00a0\u00bb tablet_text_alignment=\u00a0\u00bbdefault\u00a0\u00bb phone_text_alignment=\u00a0\u00bbdefault\u00a0\u00bb background_color_opacity=\u00a0\u00bb1&Prime; background_hover_color_opacity=\u00a0\u00bb1&Prime; column_backdrop_filter=\u00a0\u00bbnone\u00a0\u00bb column_shadow=\u00a0\u00bbnone\u00a0\u00bb&#8230;<\/p>\n","protected":false},"author":1,"featured_media":0,"parent":0,"menu_order":0,"comment_status":"closed","ping_status":"closed","template":"","meta":{"iawp_total_views":12,"footnotes":""},"class_list":["post-4909","page","type-page","status-publish"],"_links":{"self":[{"href":"https:\/\/www.justepourvous.fr\/partenaires\/wp-json\/wp\/v2\/pages\/4909","targetHints":{"allow":["GET"]}}],"collection":[{"href":"https:\/\/www.justepourvous.fr\/partenaires\/wp-json\/wp\/v2\/pages"}],"about":[{"href":"https:\/\/www.justepourvous.fr\/partenaires\/wp-json\/wp\/v2\/types\/page"}],"author":[{"embeddable":true,"href":"https:\/\/www.justepourvous.fr\/partenaires\/wp-json\/wp\/v2\/users\/1"}],"replies":[{"embeddable":true,"href":"https:\/\/www.justepourvous.fr\/partenaires\/wp-json\/wp\/v2\/comments?post=4909"}],"version-history":[{"count":4,"href":"https:\/\/www.justepourvous.fr\/partenaires\/wp-json\/wp\/v2\/pages\/4909\/revisions"}],"predecessor-version":[{"id":4936,"href":"https:\/\/www.justepourvous.fr\/partenaires\/wp-json\/wp\/v2\/pages\/4909\/revisions\/4936"}],"wp:attachment":[{"href":"https:\/\/www.justepourvous.fr\/partenaires\/wp-json\/wp\/v2\/media?parent=4909"}],"curies":[{"name":"wp","href":"https:\/\/api.w.org\/{rel}","templated":true}]}}