{"id":4911,"date":"2025-10-09T15:05:21","date_gmt":"2025-10-09T13:05:21","guid":{"rendered":"https:\/\/www.justepourvous.fr\/partenaires\/?page_id=4911"},"modified":"2025-10-10T09:27:25","modified_gmt":"2025-10-10T07:27:25","slug":"politique-de-cookies","status":"publish","type":"page","link":"https:\/\/www.justepourvous.fr\/partenaires\/politique-de-cookies\/","title":{"rendered":"Politique de cookies"},"content":{"rendered":"[vc_row type=\u00a0\u00bbin_container\u00a0\u00bb full_screen_row_position=\u00a0\u00bbmiddle\u00a0\u00bb column_margin=\u00a0\u00bbdefault\u00a0\u00bb column_direction=\u00a0\u00bbdefault\u00a0\u00bb column_direction_tablet=\u00a0\u00bbdefault\u00a0\u00bb column_direction_phone=\u00a0\u00bbdefault\u00a0\u00bb scene_position=\u00a0\u00bbcenter\u00a0\u00bb text_color=\u00a0\u00bbdark\u00a0\u00bb text_align=\u00a0\u00bbleft\u00a0\u00bb row_border_radius=\u00a0\u00bbnone\u00a0\u00bb row_border_radius_applies=\u00a0\u00bbbg\u00a0\u00bb overflow=\u00a0\u00bbvisible\u00a0\u00bb overlay_strength=\u00a0\u00bb0.3&Prime; gradient_direction=\u00a0\u00bbleft_to_right\u00a0\u00bb shape_divider_position=\u00a0\u00bbbottom\u00a0\u00bb bg_image_animation=\u00a0\u00bbnone\u00a0\u00bb][vc_column column_padding=\u00a0\u00bbno-extra-padding\u00a0\u00bb column_padding_tablet=\u00a0\u00bbinherit\u00a0\u00bb column_padding_phone=\u00a0\u00bbinherit\u00a0\u00bb column_padding_position=\u00a0\u00bball\u00a0\u00bb column_element_direction_desktop=\u00a0\u00bbdefault\u00a0\u00bb column_element_spacing=\u00a0\u00bbdefault\u00a0\u00bb desktop_text_alignment=\u00a0\u00bbdefault\u00a0\u00bb tablet_text_alignment=\u00a0\u00bbdefault\u00a0\u00bb phone_text_alignment=\u00a0\u00bbdefault\u00a0\u00bb background_color_opacity=\u00a0\u00bb1&Prime; background_hover_color_opacity=\u00a0\u00bb1&Prime; column_backdrop_filter=\u00a0\u00bbnone\u00a0\u00bb column_shadow=\u00a0\u00bbnone\u00a0\u00bb column_border_radius=\u00a0\u00bbnone\u00a0\u00bb column_link_target=\u00a0\u00bb_self\u00a0\u00bb column_position=\u00a0\u00bbdefault\u00a0\u00bb gradient_direction=\u00a0\u00bbleft_to_right\u00a0\u00bb overlay_strength=\u00a0\u00bb0.3&Prime; width=\u00a0\u00bb1\/1&Prime; tablet_width_inherit=\u00a0\u00bbdefault\u00a0\u00bb animation_type=\u00a0\u00bbdefault\u00a0\u00bb bg_image_animation=\u00a0\u00bbnone\u00a0\u00bb border_type=\u00a0\u00bbsimple\u00a0\u00bb column_border_width=\u00a0\u00bbnone\u00a0\u00bb column_border_style=\u00a0\u00bbsolid\u00a0\u00bb][divider line_type=\u00a0\u00bbNo Line\u00a0\u00bb custom_height=\u00a0\u00bb80&Prime;][vc_column_text css=\u00a0\u00bb\u00a0\u00bb text_direction=\u00a0\u00bbdefault\u00a0\u00bb]\n<h1><span style=\"color: #ff9933;\">Politique de cookies<\/span><\/h1>\n<h3><\/h3>\n<h3><strong><span style=\"color: #ff9933;\">D\u00e9finition<\/span><br \/>\n<\/strong><\/h3>\n<p>Un cookie est un petit fichier texte au format alphanum\u00e9rique d\u00e9pos\u00e9 sur le disque dur de l\u2019internaute par le serveur du site visit\u00e9 ou par un serveur tiers (r\u00e9gie publicitaire, service de web analytique, etc\u2026) La d\u00e9finition plus compl\u00e8te d\u2019un cookie donn\u00e9e par la CNIL est la suivante : \u00ab\u00a0Le cookie est une suite d\u2019informations, g\u00e9n\u00e9ralement de petite taille et identifi\u00e9 par un nom, qui peut \u00eatre transmis \u00e0 votre navigateur par un site web sur lequel vous vous connecterez. Votre navigateur web le conservera pendant une certaine dur\u00e9e, et le renverra au serveur web chaque fois que vous vous y reconnecterez\u00a0\u00bb.<br \/>\nLes traceurs ou Cookies sont principalement utilis\u00e9s pour permettre \u00e0 un site web de fonctionner, ou de fonctionner plus efficacement, mais \u00e9galement pour fournir des informations aux propri\u00e9taires des sites web aux fins d&rsquo;am\u00e9lioration de l&rsquo;exp\u00e9rience utilisateur.<br \/>\nGr\u00e2ce \u00e0 ces traceurs ou cookies, des informations sur votre visite sont enregistr\u00e9es sur le site\u00a0suivant Justepourvous.fr.<\/p>\n<h3><span style=\"color: #ff9933;\"><strong>Quels sont les diff\u00e9rents types de cookies &amp; traceurs<\/strong><\/span><\/h3>\n<p>Le site \u00a0<a href=\"https:\/\/www.justepourvous.fr\">https:\/\/www.justepourvous.fr<\/a> utilise des cookies de types : \u00ab\u00a0cookies http\u00a0\u00bb. Le cookie HTTP reste la technique la plus utilis\u00e9e. Ce cookie est d\u00e9fini dans la RFC 2695 [RFC2695] comme \u00e9tant une suite d\u2019information envoy\u00e9e par un serveur web \u00e0 un client HTTP. Ce dernier retourne le contenu du cookie lors de chaque interrogation d\u2019un serveur web associ\u00e9 au m\u00eame nom de domaine.<\/p>\n<h3><span style=\"color: #ff9933;\"><strong>Pr\u00e9sentation des cookies par finalit\u00e9\u00a0:<\/strong><\/span><\/h3>\n<p>Les cookies utilis\u00e9s par notre site peuvent avoir diff\u00e9rentes finalit\u00e9s en fonction des sites tiers les d\u00e9livrant, et peuvent \u00eatre class\u00e9s en deux cat\u00e9gories.<\/p>\n<h4><strong>Les cookies fonctionnels et techniques<\/strong><\/h4>\n<p>Les cookies fonctionnels sont des cookies indispensables au bon fonctionnement du site et sa capacit\u00e9 \u00e0 fournir des services.\u00a0Ils servent \u00e0 m\u00e9moriser vos choix et vos pr\u00e9f\u00e9rences ainsi qu&rsquo;\u00e0 concevoir des fonctionnalit\u00e9s pour faciliter la navigation. Si vous choisissez de revenir sur le site ult\u00e9rieurement, ces cookies fonctionnels reconna\u00eetront que vous l\u2019avez d\u00e9j\u00e0 visit\u00e9. Ils permettent de sauvegarder des informations qui peuvent changer la fa\u00e7on dont le site appara\u00eet ou fonctionne. Ils sont int\u00e9gr\u00e9s automatiquement et ne sont pas soumis \u00e0 votre consentement pr\u00e9alable.<\/p>\n<h4><strong>Les cookies de mesure d\u2019audience et statistiques<\/strong><\/h4>\n<p>Ces cookies permettent d\u2019obtenir des informations quant \u00e0 la fr\u00e9quentation d\u2019un site et d\u2019analyser les donn\u00e9es reli\u00e9es au trafic. \u00a0Ils permettent par exemple de mesurer le nombre de visites, le nombre de pages consult\u00e9es, la fr\u00e9quence de retour sur le site et le parcours de l\u2019utilisateur. Ces statistiques de fr\u00e9quentation nous permettent notamment d\u2019optimiser le site en l\u2019adaptant aux demandes des visiteurs, de d\u00e9tecter des probl\u00e8mes de navigation, de r\u00e9soudre des bugs. Le d\u00e9p\u00f4t de cette cat\u00e9gorie de cookies est soumis \u00e0 votre consentement, vous pouvez donc vous y opposer.<br \/>\nNous attirons votre attention sur le fait que sur certains navigateurs, si vous refusez le d\u00e9p\u00f4t de ces cookies apr\u00e8s y avoir pr\u00e9alablement consenti, ils peuvent continuer d\u2019apparaitre dans la liste des cookies d\u00e9pos\u00e9s et accessibles dans les param\u00e8tres de votre navigateur. Pour autant nous vous confirmons que votre refus de d\u00e9p\u00f4t aura bien \u00e9t\u00e9 pris en compte et que les cookies correspondants cesseront toute lecture ou \u00e9criture d\u00e8s expression de votre refus de d\u00e9p\u00f4t.<\/p>\n<h3><span style=\"color: #ff9933;\"><strong>Par qui sont d\u00e9pos\u00e9s les cookies ?<\/strong><\/span><\/h3>\n<p>Les cookies plac\u00e9s sur votre terminal depuis notre site peuvent \u00eatre d\u00e9pos\u00e9s par JURIDICA ou par des tiers. JURIDICA s\u2019assure que l\u2019\u00e9mission et l\u2019utilisation des cookies \u00ab\u00a0tiers\u00a0\u00bb d\u00e9pos\u00e9s par nos prestataires soient effectu\u00e9es dans le respect de la r\u00e9glementation en vigueur. Seul l\u2019\u00e9metteur d\u2019un cookie a la possibilit\u00e9 de lire les informations qui y sont contenues.<br \/>\nNous vous pr\u00e9cisons que ces tiers collectent des donn\u00e9es directement depuis votre navigateur et le traitement de ces donn\u00e9es est soumis \u00e0 leurs propres chartes de protection des donn\u00e9es personnelles que nous vous invitons \u00e0 aller consulter sur leur site.<br \/>\nLes outils statistiques et de recueil de consentement utilis\u00e9s par le site Justepourvous.fr , Google analytics (\u00a0<a href=\"https:\/\/support.google.com\/analytics\/answer\/9019185?hl=fr#zippy=%2Cau-sommaire-de-cet-article\">Param\u00e8tres de confidentialit\u00e9 dans Google Analytics &#8211; Aide Google Analytics<\/a><u>\u00a0)\u00a0<\/u>; Google (\u00a0<a href=\"https:\/\/policies.google.com\/privacy?hl=fr\">R\u00e8gles de confidentialit\u00e9 \u2013 R\u00e8gles de confidentialit\u00e9 et conditions d\u2019utilisation \u2013 Google<\/a><u>\u00a0<\/u>), Sirdata fournisseur de la plateforme de gestion des consentements aff\u00e9rents au d\u00e9p\u00f4t de cookies (<u>\u00a0<\/u><a href=\"https:\/\/sirdata.com\/fr\/Vie-Privee\">Politique de protection des donn\u00e9es personnelles &#8211; Sirdata<\/a>\u00a0), g\u00e9n\u00e8rent les traceurs cookies suivants :<\/p>\n<table width=\"116%\">\n<tbody>\n<tr>\n<td width=\"25%\"><strong>Nom du cookie<\/strong><\/td>\n<td width=\"20%\"><strong>Domaine <\/strong><\/td>\n<td width=\"24%\"><strong>Finalit\u00e9 <\/strong><\/td>\n<td width=\"30%\"><strong>Dur\u00e9e maximale de conservation des donn\u00e9es par les cookies<\/strong><\/td>\n<\/tr>\n<tr>\n<td width=\"25%\"><strong>_ga<\/strong><\/p>\n<p><strong>\u00a0<\/strong><\/td>\n<td width=\"20%\">.justepourvous.fr<\/p>\n<p><u>\u00a0<\/u><\/td>\n<td width=\"24%\">Cookie de Mesure d\u2019audience\u00a0d\u00e9pos\u00e9 par Google Analytics.<\/p>\n<p>Il est utilis\u00e9 pour identifier et distinguer les utilisateurs. Ce cookie garde en m\u00e9moire un identifiant client unique (ID client) qui est g\u00e9n\u00e9r\u00e9 de fa\u00e7on al\u00e9atoire. Il calcule les interactions des utilisateurs (visites, donn\u00e9es concernant les utilisateurs, sessions et campagnes), afin d\u2019optimiser les services propos\u00e9s.<\/p>\n<p>&nbsp;<\/td>\n<td width=\"30%\">6 mois<\/td>\n<\/tr>\n<tr>\n<td width=\"25%\"><strong>_ga_XXXXXXX<\/strong><\/td>\n<td width=\"20%\">.justepourvous.fr<\/p>\n<p><u>\u00a0<\/u><\/p>\n<p><u>\u00a0<\/u><\/td>\n<td width=\"24%\">Cookie de Mesure d\u2019audience d\u00e9pos\u00e9 par Google Analytics. Il est utilis\u00e9 pour conserver l\u2019\u00e9tat de session d\u2019un utilisateur<\/td>\n<td width=\"30%\">6 mois<\/td>\n<\/tr>\n<tr>\n<td width=\"25%\"><strong>Euconsent-v2<\/strong><\/td>\n<td width=\"20%\">.justepourvous.fr<\/p>\n<p>&nbsp;<\/td>\n<td width=\"24%\">Il s&rsquo;agit d&rsquo;un cookie technique strictement n\u00e9cessaire pour stocker la preuve que les obligations d\u2019information et de transparence envers l\u2019utilisateur sont respect\u00e9es, et que le consentement de ce dernier a bien \u00e9t\u00e9 sollicit\u00e9 avant tout d\u00e9p\u00f4t ou absence de d\u00e9p\u00f4t d\u2019un cookie de mesure d\u2019audience en fonction du choix exprim\u00e9.<\/td>\n<td width=\"30%\">6 mois<\/td>\n<\/tr>\n<tr>\n<td width=\"25%\"><strong>Ga_helper_consent<\/strong><\/td>\n<td width=\"20%\">.justepourvous.fr<\/p>\n<p>&nbsp;<\/td>\n<td width=\"24%\">\u00a0\u00a0\u00a0\u00a0\u00a0\u00a0\u00a0\u00a0\u00a0\u00a0 \u00a0Il s&rsquo;agit d&rsquo;un cookie technique utilis\u00e9 lorsque l\u2019utilisateur a consenti au d\u00e9p\u00f4t de cookies de mesure d\u2019audience. Le cookie en question stocke l\u2019identifiant de l\u2019utilisateur qui sera utilis\u00e9 par Google Analytics (client ID. Lors de la transmission de ce client ID \u00e0 Google Analytics, via les serveurs Sirdata analytics Helper, ce client ID subira une modification pour \u00eatre pseudonymis\u00e9 avant d\u2019\u00eatre transmis \u00e0 Google Analytics.<br \/>\nIl permet d\u2019\u00e9viter tout contact entre le terminal de l\u2019internaute et les serveurs de l\u2019outil de mesure d\u2019audience, afin d\u2019emp\u00eacher l\u2019identification de l\u2019utilisateur par le fournisseur de la solution de mesure d\u2019audience (\u00ab proxyfication \u00bb ).<\/td>\n<td width=\"30%\">1 an<\/td>\n<\/tr>\n<\/tbody>\n<\/table>\n<p>Concernant l\u2019utilisation des outils statistiques Google Analytics, nous vous pr\u00e9cisons que nous les avons param\u00e9tr\u00e9s de fa\u00e7on \u00e0 ce que les adresses IP soient anonymis\u00e9es, et que le partage de donn\u00e9es soit d\u00e9sactiv\u00e9. Par ailleurs, nous n\u2019utilisons pas d\u2019autres services Google li\u00e9s \u00e0 Google Analytics.<\/p>\n<h3><span style=\"color: #ff9933;\">Consentement aux cookies<\/span><\/h3>\n<p>Pour am\u00e9liorer la qualit\u00e9 de votre navigation, le choix que vous effectuerez li\u00e9 au consentement de ces cookies (acceptation ou refus) sera conserv\u00e9 pour une dur\u00e9e de 6 mois afin que la demande de param\u00e9trage n\u2019apparaisse pas \u00e0 chaque connexion.<br \/>\nToutefois, vous disposerez toujours de la possibilit\u00e9 de g\u00e9rer votre consentement aux cookies, et notamment la possibilit\u00e9 de retirer votre consentement en cliquant sur le lien <u>Param\u00e9trer vos choix<\/u><u>, <\/u>toujours accessible en bas de page.<br \/>\nLorsque vous vous opposez \u00e0 l\u2019installation ou \u00e0 l\u2019utilisation d\u2019un traceur\/cookie, un \u00ab\u00a0cookie de refus\u00a0\u00bb est install\u00e9 sur votre \u00e9quipement terminal et permet de vous identifier comme ayant refus\u00e9 l\u2019utilisation de tels traceurs\/cookies. De m\u00eame, lorsque vous consentez \u00e0 l\u2019installation de traceurs\/cookies, un \u00ab\u00a0cookie de consentement\u00a0\u00bb est install\u00e9. Les traceurs\/cookies de sauvegarde de vos choix en mati\u00e8re de consentement aux traceurs\/cookies doivent rester sur votre \u00e9quipement terminal car ils sont n\u00e9cessaires au fonctionnement du site et au respect de vos droits.<br \/>\nPour la gestion des cookies et de vos choix, la configuration de chaque navigateur est diff\u00e9rente. Elle est d\u00e9crite dans le menu d&rsquo;aide de votre navigateur, qui vous permettra de savoir de quelle mani\u00e8re modifier vos choix en mati\u00e8re de cookies. A titre d\u2019exemples :<\/p>\n<ul>\n<li>pour Internet Explorer\u2122 :\u00a0<a href=\"http:\/\/windows.microsoft.com\/fr-FR\/windows-vista\/Block-or-allow-cookies\">http:\/\/windows.microsoft.com\/fr-FR\/windows-vista\/Block-or-allow-cookies<\/a>;<\/li>\n<li>pour Safari\u2122 :\u00a0<a href=\"https:\/\/support.apple.com\/fr-fr\/guide\/safari\/sfri11471\/mac\">https:\/\/support.apple.com\/fr-fr\/guide\/safari\/sfri11471\/mac<\/a>;<\/li>\n<li>pour Chrome\u2122:\u00a0<a href=\"http:\/\/support.google.com\/chrome\/bin\/answer.py?hl=fr&amp;hlrm=en&amp;answer=95647\">http:\/\/support.google.com\/chrome\/bin\/answer.py?hl=fr&amp;hlrm=en&amp;answer=95647<\/a>;<\/li>\n<li>pour Firefox\u2122 :\u00a0<a href=\"http:\/\/support.mozilla.org\/fr\/kb\/Activer%20et%20d%C3%A9sactiver%20les%20cookies\">http:\/\/support.mozilla.org\/fr\/kb\/Activer%20et%20d%C3%A9sactiver%20les%20cookies<\/a>;<\/li>\n<li>pour Opera\u2122 :\u00a0<a href=\"http:\/\/help.opera.com\/Windows\/10.20\/fr\/cookies.html\">http:\/\/help.opera.com\/Windows\/10.20\/fr\/cookies.html<\/a>.<\/li>\n<\/ul>\n<p>Pour conclure, nous vous informons qu\u2019en param\u00e9trant votre navigateur pour refuser les cookies, certaines fonctionnalit\u00e9s, pages, espaces du site ne seront pas accessibles ; ce dont nous ne saurions \u00eatre responsables.<br \/>\nPour en savoir plus sur la mani\u00e8re de param\u00e9trer vos logiciels de navigation, nous vous invitons \u00e0 consulter le site de la Commission nationale de l\u2019informatique et des libert\u00e9s\u00a0:\u00a0<a href=\"https:\/\/www.cnil.fr\/fr\/cookies-les-outils-pour-les-maitriser\">https:\/\/www.cnil.fr\/fr\/cookies-les-outils-pour-les-maitriser<\/a>.<\/p>\n<h3><span style=\"color: #ff9933;\">Mise \u00e0 jour<\/span><\/h3>\n<p>Cette Politique peut \u00eatre modifi\u00e9e et corrig\u00e9e. Le bandeau d&rsquo;information vous invitant \u00e0 la consulter et \u00e0 personnaliser vos pr\u00e9f\u00e9rences de consentement via notre Gestionnaire appara\u00eetra lors de chaque visite post\u00e9rieure \u00e0 la derni\u00e8re mise \u00e0 jour.<br \/>\nPolitique mise \u00e0 jour au 10 octobre 2025.[\/vc_column_text][\/vc_column][\/vc_row]\n","protected":false},"excerpt":{"rendered":"<p>[vc_row type=\u00a0\u00bbin_container\u00a0\u00bb full_screen_row_position=\u00a0\u00bbmiddle\u00a0\u00bb column_margin=\u00a0\u00bbdefault\u00a0\u00bb column_direction=\u00a0\u00bbdefault\u00a0\u00bb column_direction_tablet=\u00a0\u00bbdefault\u00a0\u00bb column_direction_phone=\u00a0\u00bbdefault\u00a0\u00bb scene_position=\u00a0\u00bbcenter\u00a0\u00bb text_color=\u00a0\u00bbdark\u00a0\u00bb text_align=\u00a0\u00bbleft\u00a0\u00bb row_border_radius=\u00a0\u00bbnone\u00a0\u00bb row_border_radius_applies=\u00a0\u00bbbg\u00a0\u00bb overflow=\u00a0\u00bbvisible\u00a0\u00bb overlay_strength=\u00a0\u00bb0.3&Prime; gradient_direction=\u00a0\u00bbleft_to_right\u00a0\u00bb shape_divider_position=\u00a0\u00bbbottom\u00a0\u00bb bg_image_animation=\u00a0\u00bbnone\u00a0\u00bb][vc_column column_padding=\u00a0\u00bbno-extra-padding\u00a0\u00bb column_padding_tablet=\u00a0\u00bbinherit\u00a0\u00bb column_padding_phone=\u00a0\u00bbinherit\u00a0\u00bb column_padding_position=\u00a0\u00bball\u00a0\u00bb column_element_direction_desktop=\u00a0\u00bbdefault\u00a0\u00bb column_element_spacing=\u00a0\u00bbdefault\u00a0\u00bb desktop_text_alignment=\u00a0\u00bbdefault\u00a0\u00bb tablet_text_alignment=\u00a0\u00bbdefault\u00a0\u00bb phone_text_alignment=\u00a0\u00bbdefault\u00a0\u00bb background_color_opacity=\u00a0\u00bb1&Prime; background_hover_color_opacity=\u00a0\u00bb1&Prime; column_backdrop_filter=\u00a0\u00bbnone\u00a0\u00bb column_shadow=\u00a0\u00bbnone\u00a0\u00bb&#8230;<\/p>\n","protected":false},"author":1,"featured_media":0,"parent":0,"menu_order":0,"comment_status":"closed","ping_status":"closed","template":"","meta":{"iawp_total_views":1,"footnotes":""},"class_list":["post-4911","page","type-page","status-publish"],"_links":{"self":[{"href":"https:\/\/www.justepourvous.fr\/partenaires\/wp-json\/wp\/v2\/pages\/4911","targetHints":{"allow":["GET"]}}],"collection":[{"href":"https:\/\/www.justepourvous.fr\/partenaires\/wp-json\/wp\/v2\/pages"}],"about":[{"href":"https:\/\/www.justepourvous.fr\/partenaires\/wp-json\/wp\/v2\/types\/page"}],"author":[{"embeddable":true,"href":"https:\/\/www.justepourvous.fr\/partenaires\/wp-json\/wp\/v2\/users\/1"}],"replies":[{"embeddable":true,"href":"https:\/\/www.justepourvous.fr\/partenaires\/wp-json\/wp\/v2\/comments?post=4911"}],"version-history":[{"count":6,"href":"https:\/\/www.justepourvous.fr\/partenaires\/wp-json\/wp\/v2\/pages\/4911\/revisions"}],"predecessor-version":[{"id":4926,"href":"https:\/\/www.justepourvous.fr\/partenaires\/wp-json\/wp\/v2\/pages\/4911\/revisions\/4926"}],"wp:attachment":[{"href":"https:\/\/www.justepourvous.fr\/partenaires\/wp-json\/wp\/v2\/media?parent=4911"}],"curies":[{"name":"wp","href":"https:\/\/api.w.org\/{rel}","templated":true}]}}